{"id":14,"date":"2024-08-12T05:02:29","date_gmt":"2024-08-12T05:02:29","guid":{"rendered":"https:\/\/aprir.org.ar\/?page_id=14"},"modified":"2026-05-07T16:03:40","modified_gmt":"2026-05-07T19:03:40","slug":"inicio","status":"publish","type":"page","link":"https:\/\/aprir.org.ar\/en\/","title":{"rendered":"Home"},"content":{"rendered":"<h1 class=\"wp-block-heading has-text-align-center\" id=\"of-teachers-by-teachers-for-teachers\"><em><strong><mark style=\"background-color:rgba(0, 0, 0, 0)\" class=\"has-inline-color has-vivid-cyan-blue-color\">Of Teachers, by Teachers, for Teachers<\/mark><\/strong><\/em><\/h1>\n\n\n\n<figure class=\"wp-block-gallery alignfull has-nested-images columns-default is-cropped wp-block-gallery-1 is-layout-flex wp-block-gallery-is-layout-flex\">\n<figure class=\"wp-block-image size-full\"><a href=\"https:\/\/aprir.org.ar\/wp-content\/uploads\/2026\/05\/imagen-aprir-rectang.png\"><img loading=\"lazy\" decoding=\"async\" width=\"1280\" height=\"748\" data-id=\"644\" src=\"https:\/\/aprir.org.ar\/wp-content\/uploads\/2026\/05\/imagen-aprir-rectang.png\" alt=\"\" class=\"wp-image-644\" srcset=\"https:\/\/aprir.org.ar\/wp-content\/uploads\/2026\/05\/imagen-aprir-rectang.png 1280w, https:\/\/aprir.org.ar\/wp-content\/uploads\/2026\/05\/imagen-aprir-rectang-300x175.png 300w, https:\/\/aprir.org.ar\/wp-content\/uploads\/2026\/05\/imagen-aprir-rectang-1024x598.png 1024w, https:\/\/aprir.org.ar\/wp-content\/uploads\/2026\/05\/imagen-aprir-rectang-768x449.png 768w, https:\/\/aprir.org.ar\/wp-content\/uploads\/2026\/05\/imagen-aprir-rectang-18x12.png 18w\" sizes=\"auto, (max-width: 1280px) 100vw, 1280px\" \/><\/a><\/figure>\n<\/figure>\n\n\n\n<hr class=\"wp-block-separator has-alpha-channel-opacity\"\/>\n\n\n\n<h1 class=\"wp-block-heading has-text-align-center\">Latest news<\/h1>\n\n\n<ul class=\"wp-block-latest-posts__list is-grid columns-3 aligncenter wp-block-latest-posts has-medium-font-size\"><li><div class=\"wp-block-latest-posts__featured-image\"><img loading=\"lazy\" decoding=\"async\" width=\"843\" height=\"843\" src=\"https:\/\/aprir.org.ar\/wp-content\/uploads\/2026\/05\/reading-group-2.jpeg\" class=\"attachment-large size-large wp-post-image\" alt=\"\" style=\"\" srcset=\"https:\/\/aprir.org.ar\/wp-content\/uploads\/2026\/05\/reading-group-2.jpeg 1000w, https:\/\/aprir.org.ar\/wp-content\/uploads\/2026\/05\/reading-group-2-300x300.jpeg 300w, https:\/\/aprir.org.ar\/wp-content\/uploads\/2026\/05\/reading-group-2-150x150.jpeg 150w, https:\/\/aprir.org.ar\/wp-content\/uploads\/2026\/05\/reading-group-2-768x768.jpeg 768w, https:\/\/aprir.org.ar\/wp-content\/uploads\/2026\/05\/reading-group-2-12x12.jpeg 12w\" sizes=\"auto, (max-width: 843px) 100vw, 843px\" \/><\/div><a class=\"wp-block-latest-posts__post-title\" href=\"https:\/\/aprir.org.ar\/en\/reading-group-sweet-talk\/\">Reading Group: Sweet Talk<\/a><\/li>\n<li><div class=\"wp-block-latest-posts__featured-image\"><img loading=\"lazy\" decoding=\"async\" width=\"554\" height=\"692\" src=\"https:\/\/aprir.org.ar\/wp-content\/uploads\/2026\/04\/AI-workshop-peq-2.png\" class=\"attachment-large size-large wp-post-image\" alt=\"\" style=\"\" srcset=\"https:\/\/aprir.org.ar\/wp-content\/uploads\/2026\/04\/AI-workshop-peq-2.png 554w, https:\/\/aprir.org.ar\/wp-content\/uploads\/2026\/04\/AI-workshop-peq-2-240x300.png 240w, https:\/\/aprir.org.ar\/wp-content\/uploads\/2026\/04\/AI-workshop-peq-2-10x12.png 10w\" sizes=\"auto, (max-width: 554px) 100vw, 554px\" \/><\/div><a class=\"wp-block-latest-posts__post-title\" href=\"https:\/\/aprir.org.ar\/en\/ai-mastery-workshop\/\">AI Mastery Workshop<\/a><\/li>\n<li><div class=\"wp-block-latest-posts__featured-image\"><img loading=\"lazy\" decoding=\"async\" width=\"400\" height=\"243\" src=\"https:\/\/aprir.org.ar\/wp-content\/uploads\/2026\/02\/asamblea-3.jpg\" class=\"attachment-large size-large wp-post-image\" alt=\"\" style=\"\" srcset=\"https:\/\/aprir.org.ar\/wp-content\/uploads\/2026\/02\/asamblea-3.jpg 400w, https:\/\/aprir.org.ar\/wp-content\/uploads\/2026\/02\/asamblea-3-300x182.jpg 300w, https:\/\/aprir.org.ar\/wp-content\/uploads\/2026\/02\/asamblea-3-18x12.jpg 18w\" sizes=\"auto, (max-width: 400px) 100vw, 400px\" \/><\/div><a class=\"wp-block-latest-posts__post-title\" href=\"https:\/\/aprir.org.ar\/en\/convocatoria-a-asamblea-general-ordinaria-2026\/\">Convocatoria a Asamblea General Ordinaria 2026<\/a><\/li>\n<\/ul>\n\n\n<hr class=\"wp-block-separator has-alpha-channel-opacity\"\/>\n\n\n\n<h1 class=\"wp-block-heading has-text-align-center\">Members<\/h1>\n\n\n\n<div class=\"wp-block-columns is-layout-flex wp-container-core-columns-is-layout-9d6595d7 wp-block-columns-is-layout-flex\">\n<div class=\"wp-block-column is-layout-flow wp-block-column-is-layout-flow\">\n<p>All our active and emeritus members hold a teaching degree in ELT with official recognition, and are therefore qualified to teach both in the state and private sector.<\/p>\n<\/div>\n\n\n\n<div class=\"wp-block-column is-layout-flow wp-block-column-is-layout-flow\">\n<figure class=\"wp-block-image alignfull size-full\"><a href=\"https:\/\/aprir.org.ar\/wp-content\/uploads\/2024\/08\/members.jpg\"><img loading=\"lazy\" decoding=\"async\" width=\"1024\" height=\"483\" src=\"https:\/\/aprir.org.ar\/wp-content\/uploads\/2024\/08\/members.jpg\" alt=\"\" class=\"wp-image-72\" srcset=\"https:\/\/aprir.org.ar\/wp-content\/uploads\/2024\/08\/members.jpg 1024w, https:\/\/aprir.org.ar\/wp-content\/uploads\/2024\/08\/members-300x142.jpg 300w, https:\/\/aprir.org.ar\/wp-content\/uploads\/2024\/08\/members-768x362.jpg 768w\" sizes=\"auto, (max-width: 1024px) 100vw, 1024px\" \/><\/a><\/figure>\n<\/div>\n<\/div>\n\n\n\n<hr class=\"wp-block-separator has-alpha-channel-opacity\"\/>\n\n\n\n<h1 class=\"wp-block-heading has-text-align-center\" id=\"of-teachers-by-teachers-for-teachers\">An association is only as strong as its membership<\/h1>\n\n\n\n<h3 class=\"wp-block-heading has-text-align-center\" id=\"if-you-are-a-graduate-teacher-of-english-in-rosario-or-neighbouring-region-why-don-t-you-become-a-member\"><em><strong>Si sos profesor de ingl\u00e9s y viv\u00eds en Rosario o zona de influencia, te invitamos a sumarte<\/strong><\/em><\/h3>\n\n\n\n<div class=\"wp-block-buttons is-content-justification-center is-layout-flex wp-container-core-buttons-is-layout-16018d1d wp-block-buttons-is-layout-flex\">\n<div class=\"wp-block-button\"><a class=\"wp-block-button__link has-white-color has-vivid-red-background-color has-text-color has-background has-link-color wp-element-button\" href=\"https:\/\/aprir.org.ar\/en\/asociate\/\" style=\"border-radius:8px;font-style:normal;font-weight:500\" target=\"_blank\" rel=\"noreferrer noopener\"><strong><mark style=\"background-color:rgba(0, 0, 0, 0)\" class=\"has-inline-color has-black-color\">Join Us<\/mark><\/strong><\/a><\/div>\n<\/div>\n\n\n\n<hr class=\"wp-block-separator has-alpha-channel-opacity\"\/>\n\n\n\n<h1 class=\"wp-block-heading has-text-align-center\">These institutions support APRIR<\/h1>\n\n\n<div class=\"wp-block-image\">\n<figure class=\"aligncenter size-full is-resized\"><a href=\"https:\/\/aprir.org.ar\/wp-content\/uploads\/2024\/09\/collage-institutional-members-2024.jpg\"><img loading=\"lazy\" decoding=\"async\" width=\"960\" height=\"489\" src=\"https:\/\/aprir.org.ar\/wp-content\/uploads\/2024\/09\/collage-institutional-members-2024.jpg\" alt=\"\" class=\"wp-image-187\" style=\"width:755px;height:auto\" srcset=\"https:\/\/aprir.org.ar\/wp-content\/uploads\/2024\/09\/collage-institutional-members-2024.jpg 960w, https:\/\/aprir.org.ar\/wp-content\/uploads\/2024\/09\/collage-institutional-members-2024-300x153.jpg 300w, https:\/\/aprir.org.ar\/wp-content\/uploads\/2024\/09\/collage-institutional-members-2024-768x391.jpg 768w, https:\/\/aprir.org.ar\/wp-content\/uploads\/2024\/09\/collage-institutional-members-2024-18x9.jpg 18w\" sizes=\"auto, (max-width: 960px) 100vw, 960px\" \/><\/a><\/figure>\n<\/div>\n\n\n<p class=\"has-text-align-center\"><strong>Are you a Director of Studies? Please contact us to find out how your institution can also become an APRIR member.<\/strong><\/p>\n\n\n\n<p><\/p>","protected":false},"excerpt":{"rendered":"<p>Of Teachers, by Teachers, for Teachers \u00daltimas noticias Asociados Todos nuestros asociados activos y em\u00e9ritos son Profesores de Ingl\u00e9s graduados de universidades, institutos superiores del&hellip;<\/p>","protected":false},"author":2,"featured_media":0,"parent":0,"menu_order":0,"comment_status":"closed","ping_status":"closed","template":"","meta":{"footnotes":""},"class_list":["post-14","page","type-page","status-publish","hentry"],"_links":{"self":[{"href":"https:\/\/aprir.org.ar\/en\/wp-json\/wp\/v2\/pages\/14","targetHints":{"allow":["GET"]}}],"collection":[{"href":"https:\/\/aprir.org.ar\/en\/wp-json\/wp\/v2\/pages"}],"about":[{"href":"https:\/\/aprir.org.ar\/en\/wp-json\/wp\/v2\/types\/page"}],"author":[{"embeddable":true,"href":"https:\/\/aprir.org.ar\/en\/wp-json\/wp\/v2\/users\/2"}],"replies":[{"embeddable":true,"href":"https:\/\/aprir.org.ar\/en\/wp-json\/wp\/v2\/comments?post=14"}],"version-history":[{"count":36,"href":"https:\/\/aprir.org.ar\/en\/wp-json\/wp\/v2\/pages\/14\/revisions"}],"predecessor-version":[{"id":666,"href":"https:\/\/aprir.org.ar\/en\/wp-json\/wp\/v2\/pages\/14\/revisions\/666"}],"wp:attachment":[{"href":"https:\/\/aprir.org.ar\/en\/wp-json\/wp\/v2\/media?parent=14"}],"curies":[{"name":"wp","href":"https:\/\/api.w.org\/{rel}","templated":true}]}}