{"id":26,"date":"2024-08-12T05:33:15","date_gmt":"2024-08-12T05:33:15","guid":{"rendered":"https:\/\/aprir.org.ar\/?page_id=26"},"modified":"2026-02-17T15:47:31","modified_gmt":"2026-02-17T15:47:31","slug":"publicaciones","status":"publish","type":"page","link":"https:\/\/aprir.org.ar\/en\/publicaciones\/","title":{"rendered":"Publications"},"content":{"rendered":"<p>Our documents are published under a Creative Commons licence throught the open access project Acta Acad\u00e9mica. Check out our profile.<\/p>\n\n\n\n<p class=\"has-medium-font-size\"><a href=\"https:\/\/www.aacademica.org\/profiles\/asociacion.profesores.ingles.rosario\" target=\"_blank\" rel=\"noreferrer noopener\"><strong>Guidelines for teachers<\/strong><\/a><\/p>\n\n\n\n<p><a href=\"https:\/\/www.aacademica.org\/asociacion.profesores.ingles.rosario\/31\"><strong>Honorarios profesionales: valores de referencia febrero 2026<\/strong><\/a><\/p>\n\n\n\n<p><strong><a href=\"https:\/\/www.aacademica.org\/asociacion.profesores.ingles.rosario\/30\" data-type=\"link\" data-id=\"https:\/\/www.aacademica.org\/asociacion.profesores.ingles.rosario\/30\">Actualizaci\u00f3n agosto 2025 informe relevamiento de honorarios profesionales<\/a><\/strong><\/p>\n\n\n\n<p><a href=\"https:\/\/www.aacademica.org\/asociacion.profesores.ingles.rosario\/29\"><em>Relevamiento de honorarios profesionales 2025<\/em><\/a><\/p>\n\n\n\n<p><a href=\"https:\/\/www.aacademica.org\/asociacion.profesores.ingles.rosario\/28\">Actualizaci\u00f3n agosto 2024 Informe relevamiento de honorarios profesionales<\/a>.<\/p>\n\n\n\n<p><a href=\"https:\/\/www.aacademica.org\/asociacion.profesores.ingles.rosario\/27\" target=\"_blank\" rel=\"noreferrer noopener\">Relevamiento de honorarios profesionales 2024<\/a><\/p>\n\n\n\n<p><a href=\"https:\/\/www.aacademica.org\/asociacion.profesores.ingles.rosario\/25\" target=\"_blank\" rel=\"noreferrer noopener\">Relevamiento de honorarios profesionales 2023<\/a><\/p>\n\n\n\n<p>&nbsp;<em><a href=\"https:\/\/www.aacademica.org\/asociacion.profesores.ingles.rosario\/23\">Relevamiento de honorarios profesionales 2022<\/a><\/em>.<\/p>\n\n\n\n<p><em><a href=\"https:\/\/www.aacademica.org\/asociacion.profesores.ingles.rosario\/22\">Relevamiento de honorarios profesionales 2021<\/a><\/em>.<\/p>\n\n\n\n<p>&nbsp;<em><a href=\"https:\/\/www.aacademica.org\/asociacion.profesores.ingles.rosario\/19\">Relevamiento de honorarios profesionales 2020<\/a><\/em>.<\/p>\n\n\n\n<p><em><a href=\"https:\/\/www.aacademica.org\/asociacion.profesores.ingles.rosario\/18\" target=\"_blank\" rel=\"noreferrer noopener\">Relevamiento de honorarios profesionales 2019<\/a><\/em>.<\/p>\n\n\n\n<p><em><a href=\"https:\/\/www.aacademica.org\/asociacion.profesores.ingles.rosario\/3\" target=\"_blank\" rel=\"noreferrer noopener\">Survey on professional fees<\/a><\/em>.&nbsp;2018<\/p>\n\n\n\n<p>&nbsp;<em><a href=\"https:\/\/www.aacademica.org\/asociacion.profesores.ingles.rosario\/2\">Ingreso a la docencia: primeros pasos<\/a><\/em>.&nbsp; El objetivo de esta gu\u00eda es facilitar una primera aproximaci\u00f3n a la normativa vigente, pero se recomienda en todos los casos consultar los sitios y documentaci\u00f3n oficial. Fue compilada tomando como base la informaci\u00f3n disponible en el mes de mayo de 2016 en&nbsp;<a href=\"https:\/\/www.santafe.gov.ar\/index.php\/educacion\" target=\"_blank\" rel=\"noreferrer noopener\">https:\/\/www.santafe.gov.ar\/index.php\/educacion&nbsp;<\/a>y en&nbsp;<a href=\"https:\/\/www.santafe.gob.ar\/gestioneducativa\" target=\"_blank\" rel=\"noreferrer noopener\">https:\/\/www.santafe.gob.ar\/gestioneducativa<\/a>.  Est\u00e1 dirigida a alumnos avanzados y graduados recientes de la carrera de Profesorado en Ingl\u00e9s de la provincia de Santa Fe, aunque puede resultar de inter\u00e9s tambi\u00e9n para colegas de otras lenguas extranjeras y se refiere a los establecimientos oficiales de gesti\u00f3n p\u00fablica de los niveles primario y secundario.<\/p>\n\n\n\n<p class=\"has-medium-font-size\"><a href=\"https:\/\/www.aacademica.org\/asociacion.profesores.ingles.rosario#works\" target=\"_blank\" rel=\"noreferrer noopener\"><strong>Conference reports<\/strong><\/a><\/p>\n\n\n\n<p>Written by our members<\/p>\n\n\n\n<p>Calzia, M. Silvana (2023).&nbsp;<a href=\"https:\/\/www.aacademica.org\/asociacion.profesores.ingles.rosario\/26\" target=\"_blank\" rel=\"noreferrer noopener\">Conference Report XLVII FAAPI Conference 2023: \u201cTeaching and Learning English Beyond the Boundaries of Disciplines\u201d<\/a>. XLVII FAAPI Conference 2023: \u201cTeaching and Learning English Beyond the Boundaries of Disciplines\u201d. FAAPI \u2013 APPI, Santa Rosa, La Pampa.<\/p>\n\n\n\n<p>Sabrina Costa (2021).&nbsp;<a href=\"https:\/\/www.aacademica.org\/asociacion.profesores.ingles.rosario\/24\" target=\"_blank\" rel=\"noreferrer noopener\">Conference Report XLV FAAPI Conference 2021: Language Testing and Assessment. XLV FAAPI Conference 2021: First Latin American Conference on Language Testing and Assessment<\/a>. FAAPI, Virtual edition.<\/p>\n\n\n\n<p>Andrea Masset (2019).&nbsp;<a href=\"https:\/\/www.aacademica.org\/asociacion.profesores.ingles.rosario\/21\" target=\"_blank\" rel=\"noreferrer noopener\">Conference Report: 2019 FAAPI Conference: \u2018Literature in ELT: Connect, Create, Collaborate\u2019.<\/a>&nbsp;44th FAAPI Conference. ASPI Salta, Salta.<\/p>\n\n\n\n<p>Valquiria Fazzi (2019).&nbsp;<a href=\"https:\/\/www.aacademica.org\/asociacion.profesores.ingles.rosario\/20\" target=\"_blank\" rel=\"noreferrer noopener\">Conference Report: 2019 FAAPI Conference: \u2018Literature in ELT: Connect, Create, Collaborate<\/a>\u2019. 44th FAAPI Conference. ASPI Salta, Salta.<\/p>\n\n\n\n<p>Viviana Valenti y Florencia Viale (2017).&nbsp;<a href=\"https:\/\/www.aacademica.org\/asociacion.profesores.ingles.rosario\/14\" target=\"_blank\" rel=\"noreferrer noopener\">Conference Report:\u201dRevitalising ELT through Authenticity: Practices, Contents and Materials \u201c.<\/a>&nbsp;2017 FAAPI Conference: \u201cRevitalising ELT through Authenticity: Practices, Contents and Materials \u201c. A.P.I.M, Posadas.<\/p>\n\n\n\n<p>Mar\u00eda Carla Abbati (2016).&nbsp;<a href=\"https:\/\/www.aacademica.org\/asociacion.profesores.ingles.rosario\/16\" target=\"_blank\" rel=\"noreferrer noopener\">Conference Report: ELT as a multidisciplinary endeavour: Growing through collaboration<\/a>. 2016 FAAPI Conference: \u2018ELT as a multidisciplinary endeavour: Growing through collaboration \u201c. A.S.J.P.I, San Juan.<\/p>\n\n\n\n<p>Mar\u00eda Alejandrina Neirotti (2015).&nbsp;<a href=\"https:\/\/www.aacademica.org\/asociacion.profesores.ingles.rosario\/15\" target=\"_blank\" rel=\"noreferrer noopener\">Conference Report: \u2018EFL Classrooms in the New Millennium: Local Developments and Global Concerns\u201d<\/a>. 2015 FAAPI Conference: \u2018EFL Classrooms in the New Millennium: Local Developments and Global Concerns\u201d. A.C.P.I, C\u00f3rdoba.<\/p>\n\n\n\n<p>Anal\u00eda Giulietti (2014).&nbsp;<a href=\"https:\/\/www.aacademica.org\/asociacion.profesores.ingles.rosario\/17\" target=\"_blank\" rel=\"noreferrer noopener\">Conference Report:\u2018EFL Teaching &amp; Learning in the Post Methods Era\u201d<\/a>. 2014 FAAPI Conference: \u2018EFL Teaching &amp; Learning in the Post Methods Era\u201d. A.P.I.S.E, Santiago del Estero.<\/p>\n\n\n\n<p>Florencia Viale (2013).&nbsp;<a href=\"https:\/\/www.aacademica.org\/asociacion.profesores.ingles.rosario\/13\" target=\"_blank\" rel=\"noreferrer noopener\">Conference Report: The Fabulous Feeling of Faaping<\/a>. 2013 FAAPI Conference: Roots &amp; routes in language education: Bi-multi-plurilingualism, interculturality and identity. A.P.I.B.A, C.A.B.A..<\/p>\n\n\n\n<p>Carla Raguseo (2012).&nbsp;<a href=\"https:\/\/web.archive.org\/web\/20240222101845\/https:\/\/www.aacademica.org\/asociacion.profesores.ingles.rosario\/11\" target=\"_blank\" rel=\"noreferrer noopener\">Conference Report: Engaging, Inspiring, Empowering: Research on Motivation and Autonomy in ELT<\/a>. 2012 FAAPI Conference: \u201cEngaging, Inspiring, Empowering: Research on Motivation and Autonomy in ELT\u201d. A.P.I.Z.A.L.S, San Mart\u00edn de Los Andes.<\/p>\n\n\n\n<p>Mariel Amez (2012).&nbsp;<a href=\"https:\/\/www.aacademica.org\/asociacion.profesores.ingles.rosario\/12\" target=\"_blank\" rel=\"noreferrer noopener\">Conference Report: English for the Future<\/a>. Policy Dialogues: \u201cEnglish for the Future\u201d. British Council, Cartagena de Indias, Colombia.<\/p>\n\n\n\n<p class=\"has-medium-font-size\"><a href=\"https:\/\/www.aacademica.org\/asociacion.profesores.ingles.rosario#works\"><strong>Annual reports<\/strong><\/a><\/p>\n\n\n\n<p>Drawn by members of the APRIR Executive Committee<\/p>\n\n\n\n<p>Comisi\u00f3n Directiva APRIR (2016).<a href=\"https:\/\/www.aacademica.org\/asociacion.profesores.ingles.rosario\/4\" target=\"_blank\" rel=\"noreferrer noopener\">&nbsp;APRIR 2016: A year in review<\/a>. S\u00edntesis de actividades.<\/p>\n\n\n\n<p>Comisi\u00f3n Directiva APRIR (2015). APRIR 2015: A year in review. S\u00edntesis de actividades.<\/p>\n\n\n\n<p>Comisi\u00f3n Directiva APRIR (2014). APRIR 2014: A year in review. S\u00edntesis de actividades.<\/p>\n\n\n\n<p>Comisi\u00f3n Directiva APRIR (2013). APRIR 2013: A year in review. S\u00edntesis de actividades.<\/p>\n\n\n\n<p>Comisi\u00f3n Directiva APRIR (2012). APRIR 2012: A year in review. S\u00edntesis de actividades.<\/p>\n\n\n\n<p>Comisi\u00f3n Directiva APRIR (2011). APRIR 2011: A year in review. S\u00edntesis de actividades.<\/p>\n\n\n\n<p>Comisi\u00f3n Directiva APRIR (2010). APRIR 2010: A year in review. S\u00edntesis de actividades.<\/p>\n\n\n\n<div style=\"height:30px\" aria-hidden=\"true\" class=\"wp-block-spacer\"><\/div>\n\n\n\n<h3 class=\"wp-block-heading has-medium-font-size\" id=\"newsletters\"><strong>Updates<\/strong><\/h3>\n\n\n\n<p>Subscribeto our mailing list to recieve the updates APRIR shares with members. <a href=\"https:\/\/groups.google.com\/g\/aprir\">&nbsp;<\/a><strong><a href=\"https:\/\/groups.google.com\/g\/aprir\">APRIR<\/a><\/strong><a href=\"https:\/\/web.archive.org\/web\/20240222101845\/https:\/\/groups.google.com\/g\/aprir\"> comparte con sus socios<\/a><a href=\"https:\/\/web.archive.org\/web\/20240222101845\/https:\/\/groups.google.com\/g\/aprir\">.<\/a><\/p>\n\n\n\n<p><a href=\"https:\/\/web.archive.org\/web\/20240222101845\/https:\/\/groups.google.com\/forum\/#!forum\/aprir\/join\">Subscribite aqu\u00ed<\/a> <a href=\"https:\/\/groups.google.com\/forum\/#!forum\/aprir\/join\">https:\/\/groups.google.com\/forum\/#!forum\/aprir\/join<\/a><\/p>\n\n\n\n<p><\/p>","protected":false},"excerpt":{"rendered":"<p>Nuestros documentos se publican bajo licencia Creative Commons a trav\u00e9s del proyecto de acceso abierto Acta Acad\u00e9mica. Consulte nuestro perfil. Gu\u00edas para profesores de ingl\u00e9s:&hellip;<\/p>","protected":false},"author":2,"featured_media":0,"parent":0,"menu_order":0,"comment_status":"closed","ping_status":"closed","template":"","meta":{"footnotes":""},"class_list":["post-26","page","type-page","status-publish","hentry"],"_links":{"self":[{"href":"https:\/\/aprir.org.ar\/en\/wp-json\/wp\/v2\/pages\/26","targetHints":{"allow":["GET"]}}],"collection":[{"href":"https:\/\/aprir.org.ar\/en\/wp-json\/wp\/v2\/pages"}],"about":[{"href":"https:\/\/aprir.org.ar\/en\/wp-json\/wp\/v2\/types\/page"}],"author":[{"embeddable":true,"href":"https:\/\/aprir.org.ar\/en\/wp-json\/wp\/v2\/users\/2"}],"replies":[{"embeddable":true,"href":"https:\/\/aprir.org.ar\/en\/wp-json\/wp\/v2\/comments?post=26"}],"version-history":[{"count":19,"href":"https:\/\/aprir.org.ar\/en\/wp-json\/wp\/v2\/pages\/26\/revisions"}],"predecessor-version":[{"id":553,"href":"https:\/\/aprir.org.ar\/en\/wp-json\/wp\/v2\/pages\/26\/revisions\/553"}],"wp:attachment":[{"href":"https:\/\/aprir.org.ar\/en\/wp-json\/wp\/v2\/media?parent=26"}],"curies":[{"name":"wp","href":"https:\/\/api.w.org\/{rel}","templated":true}]}}