{"id":30,"date":"2024-08-12T05:34:22","date_gmt":"2024-08-12T05:34:22","guid":{"rendered":"https:\/\/aprir.org.ar\/?page_id=30"},"modified":"2024-11-02T22:27:18","modified_gmt":"2024-11-02T22:27:18","slug":"acerca-de","status":"publish","type":"page","link":"https:\/\/aprir.org.ar\/en\/acerca-de\/","title":{"rendered":"About us"},"content":{"rendered":"<p class=\"translation-block\">APRIR is a professional association, a non-governmental and non-profit organization, formed and administered by its members, who are all Teachers of English, graduates from state and private teacher training colleges and universities in Argentina.<\/p>\n\n\n\n<p>Active member of\u00a0<a href=\"http:\/\/www.faapi.org.ar\/\" target=\"_blank\" rel=\"noreferrer noopener\">FAAPI<\/a>\u00a0(Federaci\u00f3n Argentina de Asociaciones de Profesores de Ingl\u00e9s).<\/p>\n\n\n\n<p><strong>APRIR<\/strong>\u00a0was founded on September 4th, 1976 and celebrated its 45th anniversary in 2021.<\/p>\n\n\n\n<p><\/p>\n\n\n\n<figure class=\"wp-block-embed is-type-video is-provider-youtube wp-block-embed-youtube wp-embed-aspect-16-9 wp-has-aspect-ratio\"><div class=\"wp-block-embed__wrapper\">\n<iframe loading=\"lazy\" title=\"45 anniversary\" width=\"843\" height=\"474\" src=\"https:\/\/www.youtube.com\/embed\/9rim62hoM6Y?feature=oembed\" frameborder=\"0\" allow=\"accelerometer; autoplay; clipboard-write; encrypted-media; gyroscope; picture-in-picture; web-share\" referrerpolicy=\"strict-origin-when-cross-origin\" allowfullscreen><\/iframe>\n<\/div><\/figure>\n\n\n\n<p><\/p>\n\n\n\n<h2 class=\"wp-block-heading\" id=\"statutes\">Statutes<\/h2>\n\n\n\n<p><a href=\"https:\/\/aprir.org.ar\/en\/acerca-de\/\">Statutes <\/a>Statutes of Asociaci\u00f3n de Profesores de Ingl\u00e9s de Rosario (APRIR) \u2013 Asociaci\u00f3n Civil con Personer\u00eda Jur\u00eddica.  Resoluci\u00f3n # 221  Inspecci\u00f3n General de Personas Jur\u00eddicas March 20  2017<strong>APRIR<\/strong>) \u2013 Asociaci\u00f3n Civil con Personer\u00eda Jur\u00eddica. Aprobado por Resoluci\u00f3n N\u00ba 221 de la Inspecci\u00f3n General de Personas Jur\u00eddicas el 20 de marzo de 2017.<\/p>\n\n\n\n<p><\/p>\n\n\n\n<h2 class=\"wp-block-heading\">Our motto<\/h2>\n\n\n\n<p><em><strong>Of Teachers. By Teachers. For Teachers.<\/strong><\/em><\/p>\n\n\n\n<h2 class=\"wp-block-heading\">Our Objectives<\/h2>\n\n\n\n<p><strong>a)<\/strong>&nbsp;To foster EFL Teacher development by working for the continuous professional improvement and growth of its members.<\/p>\n\n\n\n<p><strong>b)<\/strong>&nbsp;To encourage the setting up of links between Teachers of English and all institutions, national and foreign, who work for the spread of English and improvements in the field of ELT.<\/p>\n\n\n\n<p><strong>c)<\/strong>&nbsp;To advocate for legislation that regulates the teaching profession in the field of ELT.<\/p>\n\n\n\n<p><strong>d)&nbsp;<\/strong>To become a centre for ideas and opinions as well as a forum of debate in matters related to teaching as well as to the English language and its culture.<\/p>\n\n\n\n<p><strong>e)<\/strong>&nbsp;To promote feelings of friendship and solidarity among members.<\/p>\n\n\n\n<h2 class=\"wp-block-heading\">Comisi\u00f3n Directiva 2024 &#8211; 2026<\/h2>\n\n\n\n<ul class=\"wp-block-list\">\n<li><strong>President:<\/strong>&nbsp;Ver\u00f3nica de la Encina<\/li>\n\n\n\n<li><strong>Vice-President<\/strong>: Marta Mas\u00eda<\/li>\n\n\n\n<li><strong>Secretary:<\/strong>&nbsp;Mariel Amez<\/li>\n\n\n\n<li><strong>Under-Secretary:<\/strong>&nbsp;Tamara Bustos<\/li>\n\n\n\n<li><strong>Treasurer:<\/strong>&nbsp;Carina Strappa<\/li>\n\n\n\n<li><strong>Under-treasurer:<\/strong>&nbsp;Andrea Monserrat<\/li>\n\n\n\n<li><strong>Members:<\/strong>&nbsp;Ariel Olmedo \u2013  Patricia Paoletti &#8211; Virginia Lenti &#8211; Estefan\u00eda Militello<\/li>\n\n\n\n<li><strong>Trustees:<\/strong>&nbsp;Mar\u00eda del Carmen Bonilla \u2013 Claudia Mestre &#8211;  Mar\u00eda del Carmen Fern\u00e1ndez Beit\u00eda \u2013 M\u00f3nica P\u00e9rez &#8211; Valquiria Fazzi<\/li>\n<\/ul>\n\n\n\n<h2 class=\"wp-block-heading\">Our logo<\/h2>\n\n\n\n<figure class=\"wp-block-image\"><img decoding=\"async\" src=\"https:\/\/web.archive.org\/web\/20240222104824im_\/http:\/\/aprir.org.ar\/wp-content\/uploads\/2018\/12\/customLogo.png\" alt=\"\" class=\"wp-image-32\"\/><\/figure>\n\n\n\n<p>In this logo, the text and the icon are interdependent.<br><strong>White and light blue<\/strong>&nbsp;evoke the Argentinian flag, while&nbsp;<strong>red and blue<\/strong>&nbsp;recall the flags of many English-speaking countries.<br>El&nbsp;<strong>The circular shape&nbsp;<\/strong>symbolise the circle of life, the endless process of teaching and learning, of interaction and communication between members and the community.<br><strong>The letter \u201cA\u201d<\/strong>&nbsp;represents us as Argentinian citizens and is also the initial letter of the name of our Association.<\/p>","protected":false},"excerpt":{"rendered":"<p>La Asociaci\u00f3n de Profesores de Ingl\u00e9s de Rosario&nbsp;es una asociaci\u00f3n profesional no gubernamental sin fines de lucro integrada y administrada por sus asociados, que son&hellip;<\/p>","protected":false},"author":2,"featured_media":0,"parent":0,"menu_order":0,"comment_status":"closed","ping_status":"closed","template":"","meta":{"footnotes":""},"class_list":["post-30","page","type-page","status-publish","hentry"],"_links":{"self":[{"href":"https:\/\/aprir.org.ar\/en\/wp-json\/wp\/v2\/pages\/30","targetHints":{"allow":["GET"]}}],"collection":[{"href":"https:\/\/aprir.org.ar\/en\/wp-json\/wp\/v2\/pages"}],"about":[{"href":"https:\/\/aprir.org.ar\/en\/wp-json\/wp\/v2\/types\/page"}],"author":[{"embeddable":true,"href":"https:\/\/aprir.org.ar\/en\/wp-json\/wp\/v2\/users\/2"}],"replies":[{"embeddable":true,"href":"https:\/\/aprir.org.ar\/en\/wp-json\/wp\/v2\/comments?post=30"}],"version-history":[{"count":13,"href":"https:\/\/aprir.org.ar\/en\/wp-json\/wp\/v2\/pages\/30\/revisions"}],"predecessor-version":[{"id":280,"href":"https:\/\/aprir.org.ar\/en\/wp-json\/wp\/v2\/pages\/30\/revisions\/280"}],"wp:attachment":[{"href":"https:\/\/aprir.org.ar\/en\/wp-json\/wp\/v2\/media?parent=30"}],"curies":[{"name":"wp","href":"https:\/\/api.w.org\/{rel}","templated":true}]}}