{"id":32,"date":"2024-08-12T05:34:37","date_gmt":"2024-08-12T05:34:37","guid":{"rendered":"https:\/\/aprir.org.ar\/?page_id=32"},"modified":"2025-03-09T23:57:11","modified_gmt":"2025-03-09T23:57:11","slug":"contacto","status":"publish","type":"page","link":"https:\/\/aprir.org.ar\/en\/contacto\/","title":{"rendered":"Contact"},"content":{"rendered":"<h1 class=\"wp-block-heading\">Asociaci\u00f3n de Profesores de Ingl\u00e9s de Rosario<\/h1>\n\n\n\n<p>Asociaci\u00f3n Civil c\/ Personer\u00eda Jur\u00eddica<br>Resoluci\u00f3n N\u00ba 047\/95 y modif. Res. N\u00ba 221\/17<br>I.G.P.J. Prov. de Santa Fe<\/p>\n\n\n\n<p>Buenos Aires 1174 \u2013 2000 Rosario<br>Information: info@aprir.org.ar<br>Payments and Administrative issues: secretaria@aprir.org.ar<\/p>\n\n\n\n<p>Please, follow us on:&nbsp;<a href=\"https:\/\/web.archive.org\/web\/20240414022134\/https:\/\/www.facebook.com\/APRIR-127774673899632\/\" target=\"_blank\" rel=\"noreferrer noopener\">Facebook<\/a>,&nbsp;<a href=\"https:\/\/web.archive.org\/web\/20240414022134\/https:\/\/www.instagram.com\/aprir_rosario\/\" target=\"_blank\" rel=\"noreferrer noopener\">Instagram<\/a>&nbsp;and&nbsp;<a href=\"https:\/\/web.archive.org\/web\/20240414022134\/https:\/\/groups.google.com\/forum\/#!forum\/aprir\/\" target=\"_blank\" rel=\"noreferrer noopener\">Google Groups<\/a>.<\/p>\n\n\n\n<p><\/p>","protected":false},"excerpt":{"rendered":"<p>Asociaci\u00f3n de Profesores de Ingl\u00e9s de Rosario Asociaci\u00f3n Civil c\/ Personer\u00eda Jur\u00eddicaResoluci\u00f3n N\u00ba 047\/95 y modif. Res. N\u00ba 221\/17I.G.P.J. Prov. de Santa Fe Buenos Aires&hellip;<\/p>","protected":false},"author":2,"featured_media":0,"parent":0,"menu_order":0,"comment_status":"closed","ping_status":"closed","template":"","meta":{"footnotes":""},"class_list":["post-32","page","type-page","status-publish","hentry"],"_links":{"self":[{"href":"https:\/\/aprir.org.ar\/en\/wp-json\/wp\/v2\/pages\/32","targetHints":{"allow":["GET"]}}],"collection":[{"href":"https:\/\/aprir.org.ar\/en\/wp-json\/wp\/v2\/pages"}],"about":[{"href":"https:\/\/aprir.org.ar\/en\/wp-json\/wp\/v2\/types\/page"}],"author":[{"embeddable":true,"href":"https:\/\/aprir.org.ar\/en\/wp-json\/wp\/v2\/users\/2"}],"replies":[{"embeddable":true,"href":"https:\/\/aprir.org.ar\/en\/wp-json\/wp\/v2\/comments?post=32"}],"version-history":[{"count":8,"href":"https:\/\/aprir.org.ar\/en\/wp-json\/wp\/v2\/pages\/32\/revisions"}],"predecessor-version":[{"id":408,"href":"https:\/\/aprir.org.ar\/en\/wp-json\/wp\/v2\/pages\/32\/revisions\/408"}],"wp:attachment":[{"href":"https:\/\/aprir.org.ar\/en\/wp-json\/wp\/v2\/media?parent=32"}],"curies":[{"name":"wp","href":"https:\/\/api.w.org\/{rel}","templated":true}]}}