{"id":385,"date":"2025-03-09T18:23:28","date_gmt":"2025-03-09T18:23:28","guid":{"rendered":"https:\/\/aprir.org.ar\/?page_id=385"},"modified":"2026-03-29T23:44:54","modified_gmt":"2026-03-29T23:44:54","slug":"cuota-anual-2025","status":"publish","type":"page","link":"https:\/\/aprir.org.ar\/en\/cuota-anual-2025\/","title":{"rendered":"Cuota anual 2026"},"content":{"rendered":"<h3 class=\"wp-block-heading\"><\/h3>\n\n\n\n<p>En un pago desde el <strong>30 de marzo al 30 de junio de 2026: $28000<\/strong>. Desde el 1\u00b0 de julio a confirmar.<\/p>\n\n\n\n<p>Arancel especial para docentes <strong>jubiladas<\/strong>: <strong>$21000<\/strong>\u00a0hasta el 30 de junio de 2026. Desde el 1\u00b0 de julio a confirmar.<\/p>\n\n\n\n<p>Arancel especial para asociados <strong>adherentes<\/strong>: <strong>$21000<\/strong>\u00a0hasta el 30 de junio de 2026. Desde el 1\u00b0 de julio a confirmar (se solicitar\u00e1 constancia de materias aprobadas).<\/p>\n\n\n\n<h2 class=\"wp-block-heading\" id=\"paymentMethods\">Formas de pago<\/h2>\n\n\n\n<p><strong>a)<\/strong>&nbsp;Transferencia o dep\u00f3sito bancario. Por favor, no olvides enviarnos una copia del comprobante a&nbsp;<a href=\"https:\/\/web.archive.org\/web\/20240414015951\/mailto:secretaria@aprir.org.ar\">secretaria@aprir.org.ar<\/a>&nbsp;si eleg\u00eds esta opci\u00f3n. En caso de no recibir dicho comprobante, el pago sera imputado a donaciones an\u00f3nimas.<\/p>\n\n\n\n<p>Banco Naci\u00f3n Suc. 3020- Rosario<br>CBU N\u00ba 0110444240044427146462<br><strong>Alias:&nbsp;APRIR.ROSARIO<\/strong><br>Cuenta Corriente Especial<br>N\u00ba de cuenta: 444271464\/6<br>Asociaci\u00f3n de Profesores de Ingl\u00e9s de Rosario<br>CUIT: 30680502109<\/p>","protected":false},"excerpt":{"rendered":"<p>En un pago desde el 30 de marzo al 30 de junio de 2026: $28000. Desde el 1\u00b0 de julio a confirmar. Arancel especial para&hellip;<\/p>","protected":false},"author":6,"featured_media":0,"parent":0,"menu_order":0,"comment_status":"closed","ping_status":"closed","template":"","meta":{"footnotes":""},"class_list":["post-385","page","type-page","status-publish","hentry"],"_links":{"self":[{"href":"https:\/\/aprir.org.ar\/en\/wp-json\/wp\/v2\/pages\/385","targetHints":{"allow":["GET"]}}],"collection":[{"href":"https:\/\/aprir.org.ar\/en\/wp-json\/wp\/v2\/pages"}],"about":[{"href":"https:\/\/aprir.org.ar\/en\/wp-json\/wp\/v2\/types\/page"}],"author":[{"embeddable":true,"href":"https:\/\/aprir.org.ar\/en\/wp-json\/wp\/v2\/users\/6"}],"replies":[{"embeddable":true,"href":"https:\/\/aprir.org.ar\/en\/wp-json\/wp\/v2\/comments?post=385"}],"version-history":[{"count":6,"href":"https:\/\/aprir.org.ar\/en\/wp-json\/wp\/v2\/pages\/385\/revisions"}],"predecessor-version":[{"id":599,"href":"https:\/\/aprir.org.ar\/en\/wp-json\/wp\/v2\/pages\/385\/revisions\/599"}],"wp:attachment":[{"href":"https:\/\/aprir.org.ar\/en\/wp-json\/wp\/v2\/media?parent=385"}],"curies":[{"name":"wp","href":"https:\/\/api.w.org\/{rel}","templated":true}]}}