{"id":79,"date":"2024-08-26T01:08:22","date_gmt":"2024-08-26T01:08:22","guid":{"rendered":"https:\/\/aprir.org.ar\/?page_id=79"},"modified":"2026-03-30T01:17:04","modified_gmt":"2026-03-30T01:17:04","slug":"asociate","status":"publish","type":"page","link":"https:\/\/aprir.org.ar\/en\/asociate\/","title":{"rendered":"Join Us"},"content":{"rendered":"<h4 class=\"wp-block-heading\" id=\"an-association-is-only-as-strong-as-its-membership-take-pride-in-belonging\"><strong>Juntos podemos m\u00e1s. \u00a1Sent\u00ed el orgullo de pertenecer!<\/strong><\/h4>\n\n\n\n<p>Si sos profesor\/a de ingl\u00e9s graduado\/a con t\u00edtulo docente de nivel superior reconocido por el Ministerio de Educaci\u00f3n y resid\u00eds en Rosario y zona de influencia, pod\u00e9s solicitar&nbsp;<strong>tu membres\u00eda<\/strong>.&nbsp;<a href=\"http:\/\/aprir.org.ar\/en\/es\/join-us\/#comoAsociarse\">Clic <\/a><a href=\"https:\/\/docs.google.com\/forms\/d\/e\/1FAIpQLSf8YfXk8lj26jpD2qYA9wi2dV2VnqN3Qx-KZIEYyERTT1o7uA\/viewform\" target=\"_blank\" rel=\"noreferrer noopener\"><strong>aqu\u00ed<\/strong><\/a>.<\/p>\n\n\n\n<p>Si sos estudiante avanzado de profesorado pod\u00e9s ser&nbsp;<strong>asociado adherente<\/strong>&nbsp;y disfrutar de la mayor\u00eda de los beneficios de los asociados activos. Es requisito contar con la aprobaci\u00f3n del 70% de la carrera. Solicit\u00e1 tu membres\u00eda adherente&nbsp;<a href=\"https:\/\/docs.google.com\/forms\/d\/e\/1FAIpQLSc1L0p9uKuOZz-XIP8Ed22Z4HAJH0UZJwYkBpFdK_4Te3yOqw\/viewform\" target=\"_blank\" rel=\"noreferrer noopener\"><strong>aqu\u00ed<\/strong><\/a>.<\/p>\n\n\n\n<h2 class=\"wp-block-heading\" id=\"benefits\">Beneficios<\/h2>\n\n\n\n<ul class=\"wp-block-list\">\n<li>Acceso gratuito a la mayor\u00eda de nuestras actividades y descuentos en otras.<\/li>\n\n\n\n<li>Subsidios y becas.<\/li>\n\n\n\n<li>Informaci\u00f3n sobre actividades de desarrollo profesional y culturales a trav\u00e9s de newsletters e infoservices.<\/li>\n\n\n\n<li>Tarifa reducida para el Congreso Anual de FAAPI y otras actividades organizadas por la Federaci\u00f3n y asociaciones federadas.<\/li>\n\n\n\n<li>Oportunidad de publicar en&nbsp;<a href=\"https:\/\/www.faapi.org.ar\/ajal\/home.html\" target=\"_blank\" rel=\"noreferrer noopener\"><strong>AJAL<\/strong><\/a>&nbsp;(Argentinian Journal of Applied Linguistics).<\/li>\n\n\n\n<li>Actividades sociales.<\/li>\n\n\n\n<li><a href=\"https:\/\/aprir.org.ar\/en\/convenio-con-solans-hoteles\/\" data-type=\"link\" data-id=\"https:\/\/aprir.org.ar\/convenio-con-solans-hoteles\/\">Descuentos para asociados y su grupo familiar en la <strong>cadena hotelera Solans <\/strong>(Buenos Aires, C\u00f3rdoba y Rosario).<\/a>.<\/li>\n\n\n\n<li><a href=\"https:\/\/aprir.org.ar\/en\/convenio-con-la-mutual-de-la-asociacion-medica-de-rosario\/\" data-type=\"link\" data-id=\"https:\/\/aprir.org.ar\/convenio-con-la-mutual-de-la-asociacion-medica-de-rosario\/\">Afiliaci\u00f3n a <strong>La Mutual de la Asociaci\u00f3n M\u00e9dica de Rosario<\/strong> con cargo extra.<\/a><\/li>\n\n\n\n<li>Descuentos especiales en negocios locales. <a href=\"https:\/\/aprir.org.ar\/en\/descuentos-para-asociados\/\" target=\"_blank\" rel=\"noreferrer noopener\"><strong>Ver detalles en la p\u00e1gina correspondiente.<\/strong><\/a><\/li>\n\n\n\n<li>Publicaci\u00f3n del listado de asociados en nuestro sitio web como aval de tu t\u00edtulo profesional docente.<\/li>\n\n\n\n<li>Derecho a nominar o ser nominado como miembro de la Comisi\u00f3n Directiva y votar en su elecci\u00f3n.<\/li>\n\n\n\n<li>Oportunidad de proponer inquietudes y proyectos y estrechar v\u00ednculos con colegas que comparten tus objetivos, valores y pasi\u00f3n.<\/li>\n<\/ul>\n\n\n\n<div style=\"height:67px\" aria-hidden=\"true\" class=\"wp-block-spacer\"><\/div>\n\n\n\n<h2 class=\"wp-block-heading\" id=\"anualFee\">Cuota anual <\/h2>\n\n\n\n<h2 class=\"wp-block-heading\">Ver <a href=\"https:\/\/aprir.org.ar\/en\/cuota-anual-2025\/\" data-type=\"page\" data-id=\"385\">Cuota anual 2026<\/a><\/h2>\n\n\n\n<div style=\"height:80px\" aria-hidden=\"true\" class=\"wp-block-spacer\"><\/div>\n\n\n\n<h2 class=\"wp-block-heading\" id=\"paymentMethods\">Formas de pago<\/h2>\n\n\n\n<p><strong>a)<\/strong>&nbsp;Transferencia o dep\u00f3sito bancario. Por favor, no olvides enviarnos una copia del comprobante a&nbsp;<a href=\"https:\/\/web.archive.org\/web\/20240414015951\/mailto:secretaria@aprir.org.ar\">secretaria@aprir.org.ar<\/a>&nbsp;si eleg\u00eds esta opci\u00f3n. En caso de no recibir dicho comprobante, el pago sera imputado a donaciones an\u00f3nimas.<\/p>\n\n\n\n<p>Banco Naci\u00f3n Suc. 3020- Rosario<br>CBU N\u00ba 0110444240044427146462<br><strong>Alias:&nbsp;APRIR.ROSARIO<\/strong><br>Cuenta Corriente Especial<br>N\u00ba de cuenta: 444271464\/6<br>Asociaci\u00f3n de Profesores de Ingl\u00e9s de Rosario<br>CUIT: 30680502109<\/p>\n\n\n\n<div style=\"height:60px\" aria-hidden=\"true\" class=\"wp-block-spacer\"><\/div>\n\n\n\n<h2 class=\"wp-block-heading\" id=\"comoAsociarse\">C\u00f3mo asociarse<\/h2>\n\n\n\n<h3 class=\"wp-block-heading\" id=\"if-you-are-a-teacher\">Active Members<\/h3>\n\n\n\n<p>1 &#8211; Complet\u00e1&nbsp;<a href=\"https:\/\/docs.google.com\/forms\/d\/e\/1FAIpQLSf8YfXk8lj26jpD2qYA9wi2dV2VnqN3Qx-KZIEYyERTT1o7uA\/viewform\" target=\"_blank\" rel=\"noreferrer noopener\">este formulario<\/a>.<\/p>\n\n\n\n<p>2- Descarg\u00e1 la&nbsp;<a href=\"https:\/\/docs.google.com\/document\/d\/1quPhQc6KVmcTDSIfHquHbQiZhwXjSQzQYjjQoDUQbyQ\/edit?usp=sharing\" target=\"_blank\" rel=\"noreferrer noopener\">solicitud de admisi\u00f3n<\/a>.<\/p>\n\n\n\n<p>3- Abon\u00e1 la cuota anual.<\/p>\n\n\n\n<p>4- Luego de completar y firmar la solicitud, enviala por correo electr\u00f3nico a secretaria@aprir.org.ar. Adjunt\u00e1 tambi\u00e9n una copia escaneada de tu t\u00edtulo y del comprobante de pago.<\/p>\n\n\n\n<h3 class=\"wp-block-heading\" id=\"asociadosAdherentes\">Si sos un estudiante avanzado (70% de materias aprobadas)<\/h3>\n\n\n\n<p>1 &#8211; Complet\u00e1&nbsp;<a href=\"https:\/\/docs.google.com\/forms\/d\/e\/1FAIpQLSc1L0p9uKuOZz-XIP8Ed22Z4HAJH0UZJwYkBpFdK_4Te3yOqw\/viewform?usp=sf_link\" target=\"_blank\" rel=\"noreferrer noopener\">este formulario<\/a><\/p>\n\n\n\n<p>2- Descarg\u00e1 la&nbsp;<a href=\"https:\/\/docs.google.com\/document\/d\/1dM_SU3DR9KYMhY84y-nTBPrrwR7rX2Jqe5T3aM4njlw\/edit?usp=sharing\" target=\"_blank\" rel=\"noreferrer noopener\">solicitud de admisi\u00f3n<\/a><\/p>\n\n\n\n<p>3- Abon\u00e1 la cuota anual.<\/p>\n\n\n\n<p>4- Luego de completar y firmar la solicitud, enviala por correo electr\u00f3nico a secretaria@aprir.org.ar . Adjunt\u00e1 tambi\u00e9n una copia escaneada del Certificado de Estudios Incompletos expedido por la instituci\u00f3n de la que sos alumno y del comprobante de pago.<\/p>","protected":false},"excerpt":{"rendered":"<p>Juntos podemos m\u00e1s. \u00a1Sent\u00ed el orgullo de pertenecer! Si sos profesor\/a de ingl\u00e9s graduado\/a con t\u00edtulo docente de nivel superior reconocido por el Ministerio de&hellip;<\/p>","protected":false},"author":5,"featured_media":0,"parent":0,"menu_order":0,"comment_status":"closed","ping_status":"closed","template":"","meta":{"footnotes":""},"class_list":["post-79","page","type-page","status-publish","hentry"],"_links":{"self":[{"href":"https:\/\/aprir.org.ar\/en\/wp-json\/wp\/v2\/pages\/79","targetHints":{"allow":["GET"]}}],"collection":[{"href":"https:\/\/aprir.org.ar\/en\/wp-json\/wp\/v2\/pages"}],"about":[{"href":"https:\/\/aprir.org.ar\/en\/wp-json\/wp\/v2\/types\/page"}],"author":[{"embeddable":true,"href":"https:\/\/aprir.org.ar\/en\/wp-json\/wp\/v2\/users\/5"}],"replies":[{"embeddable":true,"href":"https:\/\/aprir.org.ar\/en\/wp-json\/wp\/v2\/comments?post=79"}],"version-history":[{"count":29,"href":"https:\/\/aprir.org.ar\/en\/wp-json\/wp\/v2\/pages\/79\/revisions"}],"predecessor-version":[{"id":595,"href":"https:\/\/aprir.org.ar\/en\/wp-json\/wp\/v2\/pages\/79\/revisions\/595"}],"wp:attachment":[{"href":"https:\/\/aprir.org.ar\/en\/wp-json\/wp\/v2\/media?parent=79"}],"curies":[{"name":"wp","href":"https:\/\/api.w.org\/{rel}","templated":true}]}}